{"id":20,"date":"2019-11-04T11:33:21","date_gmt":"2019-11-04T11:33:21","guid":{"rendered":"http:\/\/www.emmanuel-fouquart.fr\/?page_id=20"},"modified":"2020-03-01T00:04:13","modified_gmt":"2020-03-01T00:04:13","slug":"projet","status":"publish","type":"page","link":"http:\/\/www.emmanuel-fouquart.fr\/?page_id=20","title":{"rendered":"Notre projet pour Martigues"},"content":{"rendered":"\n<div class=\"twitter-share\"><a href=\"https:\/\/twitter.com\/intent\/tweet?via=e_Fouquart\" class=\"twitter-share-button\" data-size=\"large\">Tweet<\/a><\/div>\n\n<p>Retrouvez l&rsquo;ensemble de nos propositions pour Martigues.<br><br>T\u00e9l\u00e9chargez le document, partagez le lien sur vos r\u00e9seaux sociaux : http:\/\/bit.ly\/2szyEZn<\/p>\n\n\n\n<figure class=\"wp-block-embed-pdf-viewer-embed-pdf-viewer wp-block-embed-pdf-viewer-embed-pdf-viewer__content-wrapper\"><object class=\"embed-pdf-viewer\" data=\"http:\/\/www.emmanuel-fouquart.fr\/wp-content\/uploads\/2020\/02\/PROJET_RS.pdf#scrollbar=1&amp;toolbar=1\" type=\"application\/pdf\" height=\"620\" width=\"450\"><\/object><iframe loading=\"lazy\" class=\"embed-pdf-viewer\" src=\"https:\/\/docs.google.com\/viewer?url=http%3A%2F%2Fwww.emmanuel-fouquart.fr%2Fwp-content%2Fuploads%2F2020%2F02%2FPROJET_RS.pdf&amp;embedded=true\" frameborder=\"0\" height=\"620\" width=\"450\"><\/iframe><\/figure>\n","protected":false},"excerpt":{"rendered":"<p>Retrouvez l&rsquo;ensemble de nos propositions pour Martigues. T\u00e9l\u00e9chargez le document, partagez le lien sur vos r\u00e9seaux sociaux : http:\/\/bit.ly\/2szyEZn<\/p>\n","protected":false},"author":1,"featured_media":263,"parent":0,"menu_order":0,"comment_status":"closed","ping_status":"closed","template":"","meta":{"om_disable_all_campaigns":false,"_mi_skip_tracking":false,"_monsterinsights_sitenote_active":false,"_monsterinsights_sitenote_note":"","_monsterinsights_sitenote_category":0,"ngg_post_thumbnail":0,"footnotes":""},"class_list":["post-20","page","type-page","status-publish","has-post-thumbnail","hentry"],"post_mailing_queue_ids":[],"_links":{"self":[{"href":"http:\/\/www.emmanuel-fouquart.fr\/index.php?rest_route=\/wp\/v2\/pages\/20","targetHints":{"allow":["GET"]}}],"collection":[{"href":"http:\/\/www.emmanuel-fouquart.fr\/index.php?rest_route=\/wp\/v2\/pages"}],"about":[{"href":"http:\/\/www.emmanuel-fouquart.fr\/index.php?rest_route=\/wp\/v2\/types\/page"}],"author":[{"embeddable":true,"href":"http:\/\/www.emmanuel-fouquart.fr\/index.php?rest_route=\/wp\/v2\/users\/1"}],"replies":[{"embeddable":true,"href":"http:\/\/www.emmanuel-fouquart.fr\/index.php?rest_route=%2Fwp%2Fv2%2Fcomments&post=20"}],"version-history":[{"count":12,"href":"http:\/\/www.emmanuel-fouquart.fr\/index.php?rest_route=\/wp\/v2\/pages\/20\/revisions"}],"predecessor-version":[{"id":264,"href":"http:\/\/www.emmanuel-fouquart.fr\/index.php?rest_route=\/wp\/v2\/pages\/20\/revisions\/264"}],"wp:featuredmedia":[{"embeddable":true,"href":"http:\/\/www.emmanuel-fouquart.fr\/index.php?rest_route=\/wp\/v2\/media\/263"}],"wp:attachment":[{"href":"http:\/\/www.emmanuel-fouquart.fr\/index.php?rest_route=%2Fwp%2Fv2%2Fmedia&parent=20"}],"curies":[{"name":"wp","href":"https:\/\/api.w.org\/{rel}","templated":true}]}}