{"id":52,"date":"2019-11-06T08:14:32","date_gmt":"2019-11-06T08:14:32","guid":{"rendered":"http:\/\/www.emmanuel-fouquart.fr\/?page_id=52"},"modified":"2019-12-08T21:41:52","modified_gmt":"2019-12-08T21:41:52","slug":"accueil","status":"publish","type":"page","link":"http:\/\/www.emmanuel-fouquart.fr\/","title":{"rendered":"Lettre aux Mart\u00e9gales et Mart\u00e9gaux"},"content":{"rendered":"\n<div class=\"twitter-share\"><a href=\"https:\/\/twitter.com\/intent\/tweet?hashtags=Martigues%20%23UNISpourMARTIGUES%20%23EmmanuelFouquart%20%23RN%20%23PCD&#038;via=e_Fouquart\" class=\"twitter-share-button\" data-size=\"large\">Tweet<\/a><\/div>\n\n<p>Cette lettre destin\u00e9e aux Mart\u00e9gales et Mart\u00e9gaux me permet de vous pr\u00e9senter mon projet.<br>Vous pouvez la t\u00e9l\u00e9charger et la partager \u00e0 vos amis.<\/p>\n\n\n\n<figure class=\"wp-block-embed-pdf-viewer-embed-pdf-viewer wp-block-embed-pdf-viewer-embed-pdf-viewer__content-wrapper\"><object class=\"embed-pdf-viewer\" data=\"http:\/\/www.emmanuel-fouquart.fr\/wp-content\/uploads\/2019\/12\/Lettre_Aux_Habitants.pdf#scrollbar=1&amp;toolbar=1\" type=\"application\/pdf\" height=\"850\" width=\"600\"><\/object><iframe loading=\"lazy\" class=\"embed-pdf-viewer\" src=\"https:\/\/docs.google.com\/viewer?url=http%3A%2F%2Fwww.emmanuel-fouquart.fr%2Fwp-content%2Fuploads%2F2019%2F12%2FLettre_Aux_Habitants.pdf&amp;embedded=true\" frameborder=\"0\" height=\"850\" width=\"600\"><\/iframe><\/figure>\n\n\n\n<div style=\"height:67px\" aria-hidden=\"true\" class=\"wp-block-spacer\"><\/div>\n\n\n","protected":false},"excerpt":{"rendered":"<p>Cette lettre destin\u00e9e aux Mart\u00e9gales et Mart\u00e9gaux me permet de vous pr\u00e9senter mon projet.Vous pouvez la t\u00e9l\u00e9charger et la partager \u00e0 vos amis.<\/p>\n","protected":false},"author":1,"featured_media":0,"parent":0,"menu_order":0,"comment_status":"closed","ping_status":"closed","template":"","meta":{"om_disable_all_campaigns":false,"_mi_skip_tracking":false,"_monsterinsights_sitenote_active":false,"_monsterinsights_sitenote_note":"","_monsterinsights_sitenote_category":0,"ngg_post_thumbnail":0,"footnotes":""},"class_list":["post-52","page","type-page","status-publish","hentry"],"post_mailing_queue_ids":[],"_links":{"self":[{"href":"http:\/\/www.emmanuel-fouquart.fr\/index.php?rest_route=\/wp\/v2\/pages\/52","targetHints":{"allow":["GET"]}}],"collection":[{"href":"http:\/\/www.emmanuel-fouquart.fr\/index.php?rest_route=\/wp\/v2\/pages"}],"about":[{"href":"http:\/\/www.emmanuel-fouquart.fr\/index.php?rest_route=\/wp\/v2\/types\/page"}],"author":[{"embeddable":true,"href":"http:\/\/www.emmanuel-fouquart.fr\/index.php?rest_route=\/wp\/v2\/users\/1"}],"replies":[{"embeddable":true,"href":"http:\/\/www.emmanuel-fouquart.fr\/index.php?rest_route=%2Fwp%2Fv2%2Fcomments&post=52"}],"version-history":[{"count":6,"href":"http:\/\/www.emmanuel-fouquart.fr\/index.php?rest_route=\/wp\/v2\/pages\/52\/revisions"}],"predecessor-version":[{"id":141,"href":"http:\/\/www.emmanuel-fouquart.fr\/index.php?rest_route=\/wp\/v2\/pages\/52\/revisions\/141"}],"wp:attachment":[{"href":"http:\/\/www.emmanuel-fouquart.fr\/index.php?rest_route=%2Fwp%2Fv2%2Fmedia&parent=52"}],"curies":[{"name":"wp","href":"https:\/\/api.w.org\/{rel}","templated":true}]}}