{"id":57,"date":"2019-11-06T08:16:05","date_gmt":"2019-11-06T08:16:05","guid":{"rendered":"http:\/\/www.emmanuel-fouquart.fr\/?page_id=57"},"modified":"2019-12-16T22:29:42","modified_gmt":"2019-12-16T22:29:42","slug":"questionnaire","status":"publish","type":"page","link":"http:\/\/www.emmanuel-fouquart.fr\/?page_id=57","title":{"rendered":"Questionnaire"},"content":{"rendered":"\n<div class=\"twitter-share\"><a href=\"https:\/\/twitter.com\/intent\/tweet?via=e_Fouquart\" class=\"twitter-share-button\" data-size=\"large\">Tweet<\/a><\/div>\n\n<p>Participez \u00e0 la grande consultation que nous lan\u00e7ons.<br>La parole est libre, sans tabou, aucun sujet n&rsquo;est laiss\u00e9 de c\u00f4t\u00e9. Vos avis sont attendus et bienvenus, car vous \u00eates au coeur de notre politique locale !<br><br>Mart\u00e9gales, Mart\u00e9gaux, remplissez le questionnaire ci-dessous ; mais retrouvez la version pdf plus bas.<br>Partagez le lien \u00e0 vos amis : http:\/\/bit.ly\/2LAMdyJ<\/p>\n\n\n\n<iframe loading=\"lazy\" src=\"https:\/\/docs.google.com\/forms\/d\/e\/1FAIpQLSfI01hT6c-t-3OvXiP9AkdUbkH1UcrCXufUfoKeFazljFMyhQ\/viewform?embedded=true\" width=\"640\" height=\"1350\" frameborder=\"0\" marginheight=\"0\" marginwidth=\"0\">Chargement\u2026<\/iframe>\n\n\n\n<div style=\"height:48px\" aria-hidden=\"true\" class=\"wp-block-spacer\"><\/div>\n\n\n\n<figure class=\"wp-block-embed-pdf-viewer-embed-pdf-viewer wp-block-embed-pdf-viewer-embed-pdf-viewer__content-wrapper\"><object class=\"embed-pdf-viewer\" data=\"http:\/\/www.emmanuel-fouquart.fr\/wp-content\/uploads\/2019\/12\/Questionnaire_Martigues.pdf#scrollbar=1&amp;toolbar=1\" type=\"application\/pdf\" height=\"450\" width=\"600\"><\/object><iframe loading=\"lazy\" class=\"embed-pdf-viewer\" src=\"https:\/\/docs.google.com\/viewer?url=http%3A%2F%2Fwww.emmanuel-fouquart.fr%2Fwp-content%2Fuploads%2F2019%2F12%2FQuestionnaire_Martigues.pdf&amp;embedded=true\" frameborder=\"0\" height=\"450\" width=\"600\"><\/iframe><\/figure>\n\n\n\n<div style=\"height:65px\" aria-hidden=\"true\" class=\"wp-block-spacer\"><\/div>\n\n\n","protected":false},"excerpt":{"rendered":"<p>Participez \u00e0 la grande consultation que nous lan\u00e7ons.La parole est libre, sans tabou, aucun sujet n&rsquo;est laiss\u00e9 de c\u00f4t\u00e9. Vos avis sont attendus et bienvenus, car vous \u00eates au coeur&hellip;<\/p>\n","protected":false},"author":1,"featured_media":0,"parent":0,"menu_order":0,"comment_status":"closed","ping_status":"closed","template":"","meta":{"om_disable_all_campaigns":false,"_mi_skip_tracking":false,"_monsterinsights_sitenote_active":false,"_monsterinsights_sitenote_note":"","_monsterinsights_sitenote_category":0,"ngg_post_thumbnail":0,"footnotes":""},"class_list":["post-57","page","type-page","status-publish","hentry"],"post_mailing_queue_ids":[],"_links":{"self":[{"href":"http:\/\/www.emmanuel-fouquart.fr\/index.php?rest_route=\/wp\/v2\/pages\/57","targetHints":{"allow":["GET"]}}],"collection":[{"href":"http:\/\/www.emmanuel-fouquart.fr\/index.php?rest_route=\/wp\/v2\/pages"}],"about":[{"href":"http:\/\/www.emmanuel-fouquart.fr\/index.php?rest_route=\/wp\/v2\/types\/page"}],"author":[{"embeddable":true,"href":"http:\/\/www.emmanuel-fouquart.fr\/index.php?rest_route=\/wp\/v2\/users\/1"}],"replies":[{"embeddable":true,"href":"http:\/\/www.emmanuel-fouquart.fr\/index.php?rest_route=%2Fwp%2Fv2%2Fcomments&post=57"}],"version-history":[{"count":21,"href":"http:\/\/www.emmanuel-fouquart.fr\/index.php?rest_route=\/wp\/v2\/pages\/57\/revisions"}],"predecessor-version":[{"id":154,"href":"http:\/\/www.emmanuel-fouquart.fr\/index.php?rest_route=\/wp\/v2\/pages\/57\/revisions\/154"}],"wp:attachment":[{"href":"http:\/\/www.emmanuel-fouquart.fr\/index.php?rest_route=%2Fwp%2Fv2%2Fmedia&parent=57"}],"curies":[{"name":"wp","href":"https:\/\/api.w.org\/{rel}","templated":true}]}}